{"id":216,"date":"2020-11-30T15:59:13","date_gmt":"2020-11-30T14:59:13","guid":{"rendered":"https:\/\/prismo.bzh\/?page_id=216"},"modified":"2022-05-17T12:00:06","modified_gmt":"2022-05-17T10:00:06","slug":"contact","status":"publish","type":"page","link":"https:\/\/prismo.bzh\/index.php\/contact\/","title":{"rendered":"Contact"},"content":{"rendered":"<p>[et_pb_section fb_built=&#8221;1&#8243; _builder_version=&#8221;3.19.5&#8243; custom_padding=&#8221;23px|0px|54px|0px|false|false&#8221;][et_pb_row custom_padding=&#8221;25px|0px|27px|0px|false|false&#8221; _builder_version=&#8221;3.19.5&#8243; module_alignment=&#8221;center&#8221;][et_pb_column type=&#8221;4_4&#8243; _builder_version=&#8221;3.19.5&#8243; parallax=&#8221;off&#8221; parallax_method=&#8221;on&#8221;][et_pb_text _builder_version=&#8221;3.19.5&#8243; max_width=&#8221;110%&#8221; custom_margin=&#8221;|||15px&#8221;]<\/p>\n<p><span style=\"font-size: x-large; color: #ffffff;\"><strong><span face=\"Montserrat\" size=\"4\" style=\"font-family: Montserrat;\">Contactez-nous pour un devis, une estimation ou tout autre renseignement<\/span><\/strong><\/span><\/p>\n<p>[\/et_pb_text][et_pb_contact_form email=&#8221;contact@prismo.bzh&#8221; custom_message=&#8221;Message re\u00e7u via le site internet prismo.bzh||et_pb_line_break_holder||||et_pb_line_break_holder||Nom : %%Nom%%||et_pb_line_break_holder||Pr\u00e9nom : %%Pr\u00e9nom%%||et_pb_line_break_holder||Adresse : %%Adresse%%||et_pb_line_break_holder||Adresse mail : %%Email%%||et_pb_line_break_holder||T\u00e9l\u00e9phone : %%T\u00e9l\u00e9phone%%||et_pb_line_break_holder||Message : %%Message%%&#8221; success_message=&#8221;Nous avons bien re\u00e7u votre demande. Nous allons prendre contact avec vous rapidement.&#8221; _builder_version=&#8221;3.19.5&#8243; title_font=&#8221;||||||||&#8221; form_field_font=&#8221;||||||||&#8221; custom_button=&#8221;on&#8221; button_text_color=&#8221;#0c71c3&#8243; button_font=&#8221;||||||||&#8221; max_width=&#8221;91%&#8221; custom_margin=&#8221;|||42px&#8221; submit_button_text=&#8221;Envoyer&#8221; title_text_color=&#8221;#0c71c3&#8243;][et_pb_contact_field field_id=&#8221;Nom&#8221; field_title=&#8221;Nom&#8221; _builder_version=&#8221;3.19.5&#8243; border_radii=&#8221;on||||&#8221; button_text_size__hover_enabled=&#8221;off&#8221; button_one_text_size__hover_enabled=&#8221;off&#8221; button_two_text_size__hover_enabled=&#8221;off&#8221; button_text_color__hover_enabled=&#8221;off&#8221; button_one_text_color__hover_enabled=&#8221;off&#8221; button_two_text_color__hover_enabled=&#8221;off&#8221; button_border_width__hover_enabled=&#8221;off&#8221; button_one_border_width__hover_enabled=&#8221;off&#8221; button_two_border_width__hover_enabled=&#8221;off&#8221; button_border_color__hover_enabled=&#8221;off&#8221; button_one_border_color__hover_enabled=&#8221;off&#8221; button_two_border_color__hover_enabled=&#8221;off&#8221; button_border_radius__hover_enabled=&#8221;off&#8221; button_one_border_radius__hover_enabled=&#8221;off&#8221; button_two_border_radius__hover_enabled=&#8221;off&#8221; button_letter_spacing__hover_enabled=&#8221;off&#8221; button_one_letter_spacing__hover_enabled=&#8221;off&#8221; button_two_letter_spacing__hover_enabled=&#8221;off&#8221; button_bg_color__hover_enabled=&#8221;off&#8221; button_one_bg_color__hover_enabled=&#8221;off&#8221; button_two_bg_color__hover_enabled=&#8221;off&#8221;][\/et_pb_contact_field][et_pb_contact_field field_id=&#8221;Pr\u00e9nom&#8221; field_title=&#8221;Pr\u00e9nom&#8221; _builder_version=&#8221;3.19.5&#8243; border_radii=&#8221;on||||&#8221; button_text_size__hover_enabled=&#8221;off&#8221; button_one_text_size__hover_enabled=&#8221;off&#8221; button_two_text_size__hover_enabled=&#8221;off&#8221; button_text_color__hover_enabled=&#8221;off&#8221; button_one_text_color__hover_enabled=&#8221;off&#8221; button_two_text_color__hover_enabled=&#8221;off&#8221; button_border_width__hover_enabled=&#8221;off&#8221; button_one_border_width__hover_enabled=&#8221;off&#8221; button_two_border_width__hover_enabled=&#8221;off&#8221; button_border_color__hover_enabled=&#8221;off&#8221; button_one_border_color__hover_enabled=&#8221;off&#8221; button_two_border_color__hover_enabled=&#8221;off&#8221; button_border_radius__hover_enabled=&#8221;off&#8221; button_one_border_radius__hover_enabled=&#8221;off&#8221; button_two_border_radius__hover_enabled=&#8221;off&#8221; button_letter_spacing__hover_enabled=&#8221;off&#8221; button_one_letter_spacing__hover_enabled=&#8221;off&#8221; button_two_letter_spacing__hover_enabled=&#8221;off&#8221; button_bg_color__hover_enabled=&#8221;off&#8221; button_one_bg_color__hover_enabled=&#8221;off&#8221; button_two_bg_color__hover_enabled=&#8221;off&#8221;][\/et_pb_contact_field][et_pb_contact_field field_id=&#8221;Adresse&#8221; field_title=&#8221;Adresse&#8221; fullwidth_field=&#8221;on&#8221; _builder_version=&#8221;3.19.5&#8243; border_radii=&#8221;on||||&#8221; button_text_size__hover_enabled=&#8221;off&#8221; button_one_text_size__hover_enabled=&#8221;off&#8221; button_two_text_size__hover_enabled=&#8221;off&#8221; button_text_color__hover_enabled=&#8221;off&#8221; button_one_text_color__hover_enabled=&#8221;off&#8221; button_two_text_color__hover_enabled=&#8221;off&#8221; button_border_width__hover_enabled=&#8221;off&#8221; button_one_border_width__hover_enabled=&#8221;off&#8221; button_two_border_width__hover_enabled=&#8221;off&#8221; button_border_color__hover_enabled=&#8221;off&#8221; button_one_border_color__hover_enabled=&#8221;off&#8221; button_two_border_color__hover_enabled=&#8221;off&#8221; button_border_radius__hover_enabled=&#8221;off&#8221; button_one_border_radius__hover_enabled=&#8221;off&#8221; button_two_border_radius__hover_enabled=&#8221;off&#8221; button_letter_spacing__hover_enabled=&#8221;off&#8221; button_one_letter_spacing__hover_enabled=&#8221;off&#8221; button_two_letter_spacing__hover_enabled=&#8221;off&#8221; button_bg_color__hover_enabled=&#8221;off&#8221; button_one_bg_color__hover_enabled=&#8221;off&#8221; button_two_bg_color__hover_enabled=&#8221;off&#8221;][\/et_pb_contact_field][et_pb_contact_field field_id=&#8221;Ville&#8221; field_title=&#8221;Ville&#8221; fullwidth_field=&#8221;on&#8221; _builder_version=&#8221;3.19.5&#8243;][\/et_pb_contact_field][et_pb_contact_field field_id=&#8221;Email&#8221; field_title=&#8221;Email&#8221; field_type=&#8221;email&#8221; fullwidth_field=&#8221;on&#8221; _builder_version=&#8221;3.19.5&#8243; border_radii=&#8221;on||||&#8221; button_text_size__hover_enabled=&#8221;off&#8221; button_one_text_size__hover_enabled=&#8221;off&#8221; button_two_text_size__hover_enabled=&#8221;off&#8221; button_text_color__hover_enabled=&#8221;off&#8221; button_one_text_color__hover_enabled=&#8221;off&#8221; button_two_text_color__hover_enabled=&#8221;off&#8221; button_border_width__hover_enabled=&#8221;off&#8221; button_one_border_width__hover_enabled=&#8221;off&#8221; button_two_border_width__hover_enabled=&#8221;off&#8221; button_border_color__hover_enabled=&#8221;off&#8221; button_one_border_color__hover_enabled=&#8221;off&#8221; button_two_border_color__hover_enabled=&#8221;off&#8221; button_border_radius__hover_enabled=&#8221;off&#8221; button_one_border_radius__hover_enabled=&#8221;off&#8221; button_two_border_radius__hover_enabled=&#8221;off&#8221; button_letter_spacing__hover_enabled=&#8221;off&#8221; button_one_letter_spacing__hover_enabled=&#8221;off&#8221; button_two_letter_spacing__hover_enabled=&#8221;off&#8221; button_bg_color__hover_enabled=&#8221;off&#8221; button_one_bg_color__hover_enabled=&#8221;off&#8221; button_two_bg_color__hover_enabled=&#8221;off&#8221;][\/et_pb_contact_field][et_pb_contact_field field_id=&#8221;T\u00e9l\u00e9phone&#8221; field_title=&#8221;T\u00e9l\u00e9phone&#8221; allowed_symbols=&#8221;numbers&#8221; fullwidth_field=&#8221;on&#8221; _builder_version=&#8221;3.19.5&#8243; border_radii=&#8221;on||||&#8221; button_text_size__hover_enabled=&#8221;off&#8221; button_one_text_size__hover_enabled=&#8221;off&#8221; button_two_text_size__hover_enabled=&#8221;off&#8221; button_text_color__hover_enabled=&#8221;off&#8221; button_one_text_color__hover_enabled=&#8221;off&#8221; button_two_text_color__hover_enabled=&#8221;off&#8221; button_border_width__hover_enabled=&#8221;off&#8221; button_one_border_width__hover_enabled=&#8221;off&#8221; button_two_border_width__hover_enabled=&#8221;off&#8221; button_border_color__hover_enabled=&#8221;off&#8221; button_one_border_color__hover_enabled=&#8221;off&#8221; button_two_border_color__hover_enabled=&#8221;off&#8221; button_border_radius__hover_enabled=&#8221;off&#8221; button_one_border_radius__hover_enabled=&#8221;off&#8221; button_two_border_radius__hover_enabled=&#8221;off&#8221; button_letter_spacing__hover_enabled=&#8221;off&#8221; button_one_letter_spacing__hover_enabled=&#8221;off&#8221; button_two_letter_spacing__hover_enabled=&#8221;off&#8221; button_bg_color__hover_enabled=&#8221;off&#8221; button_one_bg_color__hover_enabled=&#8221;off&#8221; button_two_bg_color__hover_enabled=&#8221;off&#8221;][\/et_pb_contact_field][et_pb_contact_field field_id=&#8221;Message&#8221; field_title=&#8221;Message&#8221; field_type=&#8221;text&#8221; fullwidth_field=&#8221;on&#8221; _builder_version=&#8221;3.19.5&#8243; border_radii=&#8221;on||||&#8221; button_text_size__hover_enabled=&#8221;off&#8221; button_one_text_size__hover_enabled=&#8221;off&#8221; button_two_text_size__hover_enabled=&#8221;off&#8221; button_text_color__hover_enabled=&#8221;off&#8221; button_one_text_color__hover_enabled=&#8221;off&#8221; button_two_text_color__hover_enabled=&#8221;off&#8221; button_border_width__hover_enabled=&#8221;off&#8221; button_one_border_width__hover_enabled=&#8221;off&#8221; button_two_border_width__hover_enabled=&#8221;off&#8221; button_border_color__hover_enabled=&#8221;off&#8221; button_one_border_color__hover_enabled=&#8221;off&#8221; button_two_border_color__hover_enabled=&#8221;off&#8221; button_border_radius__hover_enabled=&#8221;off&#8221; button_one_border_radius__hover_enabled=&#8221;off&#8221; button_two_border_radius__hover_enabled=&#8221;off&#8221; button_letter_spacing__hover_enabled=&#8221;off&#8221; button_one_letter_spacing__hover_enabled=&#8221;off&#8221; button_two_letter_spacing__hover_enabled=&#8221;off&#8221; button_bg_color__hover_enabled=&#8221;off&#8221; button_one_bg_color__hover_enabled=&#8221;off&#8221; button_two_bg_color__hover_enabled=&#8221;off&#8221;][\/et_pb_contact_field][et_pb_contact_field field_id=&#8221;RGPD&#8221; field_title=&#8221;Confidentialit\u00e9&#8221; field_type=&#8221;checkbox&#8221; checkbox_options=&#8221;%91{%22value%22:%22En soumettant ce formulaire, j&#8217;accepte que mes donn\u00e9es personnelles soient exploit\u00e9es pour permettre de me recontacter.%22,%22checked%22:0,%22dragID%22:-1}%93&#8243; fullwidth_field=&#8221;on&#8221; _builder_version=&#8221;3.19.5&#8243;][\/et_pb_contact_field][\/et_pb_contact_form][\/et_pb_column][\/et_pb_row][\/et_pb_section]<\/p>\n","protected":false},"excerpt":{"rendered":"<p>Contactez-nous pour un devis, une estimation ou tout autre renseignement<\/p>\n","protected":false},"author":1,"featured_media":0,"parent":0,"menu_order":0,"comment_status":"closed","ping_status":"closed","template":"","meta":{"_et_pb_use_builder":"on","_et_pb_old_content":"<!-- wp:paragraph -->\n<p>Vous avez des questions, vous souhaitez obtenir un devis gratuit ou une estimation de votre bien immobilier?<\/p>\n<!-- \/wp:paragraph -->\n\n<!-- wp:paragraph -->\n<p>Contactez-nous au :&nbsp; 06 65 18 53 23 ou compl\u00e9tez le formulaire de contact ci-dessous.&nbsp;<\/p>\n<!-- \/wp:paragraph -->\n\n<!-- wp:paragraph -->\n<p>Nous vous rappellerons rapidement.<\/p>\n<!-- \/wp:paragraph -->","_et_gb_content_width":""},"yoast_head":"<!-- This site is optimized with the Yoast SEO plugin v18.9 - https:\/\/yoast.com\/wordpress\/plugins\/seo\/ -->\n<title>Contact - PRISMO<\/title>\n<meta name=\"robots\" content=\"index, follow, max-snippet:-1, max-image-preview:large, max-video-preview:-1\" \/>\n<link rel=\"canonical\" href=\"https:\/\/prismo.bzh\/index.php\/contact\/\" \/>\n<meta property=\"og:locale\" content=\"en_US\" \/>\n<meta property=\"og:type\" content=\"article\" \/>\n<meta property=\"og:title\" content=\"Contact - PRISMO\" \/>\n<meta property=\"og:description\" content=\"Contactez-nous pour un devis, une estimation ou tout autre renseignement\" \/>\n<meta property=\"og:url\" content=\"https:\/\/prismo.bzh\/index.php\/contact\/\" \/>\n<meta property=\"og:site_name\" content=\"PRISMO\" \/>\n<meta property=\"article:publisher\" content=\"https:\/\/www.facebook.com\/prismo.bzh\" \/>\n<meta property=\"article:modified_time\" content=\"2022-05-17T10:00:06+00:00\" \/>\n<meta name=\"twitter:card\" content=\"summary_large_image\" \/>\n<meta name=\"twitter:label1\" content=\"Est. reading time\" \/>\n\t<meta name=\"twitter:data1\" content=\"6 minutes\" \/>\n<script type=\"application\/ld+json\" class=\"yoast-schema-graph\">{\"@context\":\"https:\/\/schema.org\",\"@graph\":[{\"@type\":\"Organization\",\"@id\":\"https:\/\/prismo.bzh\/#organization\",\"name\":\"PRISMO\",\"url\":\"https:\/\/prismo.bzh\/\",\"sameAs\":[\"https:\/\/www.facebook.com\/prismo.bzh\"],\"logo\":{\"@type\":\"ImageObject\",\"inLanguage\":\"en-US\",\"@id\":\"https:\/\/prismo.bzh\/#\/schema\/logo\/image\/\",\"url\":\"https:\/\/prismo.bzh\/wp-content\/uploads\/2020\/12\/2-lq.png\",\"contentUrl\":\"https:\/\/prismo.bzh\/wp-content\/uploads\/2020\/12\/2-lq.png\",\"width\":368,\"height\":193,\"caption\":\"PRISMO\"},\"image\":{\"@id\":\"https:\/\/prismo.bzh\/#\/schema\/logo\/image\/\"}},{\"@type\":\"WebSite\",\"@id\":\"https:\/\/prismo.bzh\/#website\",\"url\":\"https:\/\/prismo.bzh\/\",\"name\":\"PRISMO\",\"description\":\"L&#039;immobilier sous un autre angle\",\"publisher\":{\"@id\":\"https:\/\/prismo.bzh\/#organization\"},\"potentialAction\":[{\"@type\":\"SearchAction\",\"target\":{\"@type\":\"EntryPoint\",\"urlTemplate\":\"https:\/\/prismo.bzh\/?s={search_term_string}\"},\"query-input\":\"required name=search_term_string\"}],\"inLanguage\":\"en-US\"},{\"@type\":\"WebPage\",\"@id\":\"https:\/\/prismo.bzh\/index.php\/contact\/#webpage\",\"url\":\"https:\/\/prismo.bzh\/index.php\/contact\/\",\"name\":\"Contact - PRISMO\",\"isPartOf\":{\"@id\":\"https:\/\/prismo.bzh\/#website\"},\"datePublished\":\"2020-11-30T14:59:13+00:00\",\"dateModified\":\"2022-05-17T10:00:06+00:00\",\"breadcrumb\":{\"@id\":\"https:\/\/prismo.bzh\/index.php\/contact\/#breadcrumb\"},\"inLanguage\":\"en-US\",\"potentialAction\":[{\"@type\":\"ReadAction\",\"target\":[\"https:\/\/prismo.bzh\/index.php\/contact\/\"]}]},{\"@type\":\"BreadcrumbList\",\"@id\":\"https:\/\/prismo.bzh\/index.php\/contact\/#breadcrumb\",\"itemListElement\":[{\"@type\":\"ListItem\",\"position\":1,\"name\":\"Accueil\",\"item\":\"https:\/\/prismo.bzh\/\"},{\"@type\":\"ListItem\",\"position\":2,\"name\":\"Contact\"}]}]}<\/script>\n<!-- \/ Yoast SEO plugin. -->","yoast_head_json":{"title":"Contact - PRISMO","robots":{"index":"index","follow":"follow","max-snippet":"max-snippet:-1","max-image-preview":"max-image-preview:large","max-video-preview":"max-video-preview:-1"},"canonical":"https:\/\/prismo.bzh\/index.php\/contact\/","og_locale":"en_US","og_type":"article","og_title":"Contact - PRISMO","og_description":"Contactez-nous pour un devis, une estimation ou tout autre renseignement","og_url":"https:\/\/prismo.bzh\/index.php\/contact\/","og_site_name":"PRISMO","article_publisher":"https:\/\/www.facebook.com\/prismo.bzh","article_modified_time":"2022-05-17T10:00:06+00:00","twitter_card":"summary_large_image","twitter_misc":{"Est. reading time":"6 minutes"},"schema":{"@context":"https:\/\/schema.org","@graph":[{"@type":"Organization","@id":"https:\/\/prismo.bzh\/#organization","name":"PRISMO","url":"https:\/\/prismo.bzh\/","sameAs":["https:\/\/www.facebook.com\/prismo.bzh"],"logo":{"@type":"ImageObject","inLanguage":"en-US","@id":"https:\/\/prismo.bzh\/#\/schema\/logo\/image\/","url":"https:\/\/prismo.bzh\/wp-content\/uploads\/2020\/12\/2-lq.png","contentUrl":"https:\/\/prismo.bzh\/wp-content\/uploads\/2020\/12\/2-lq.png","width":368,"height":193,"caption":"PRISMO"},"image":{"@id":"https:\/\/prismo.bzh\/#\/schema\/logo\/image\/"}},{"@type":"WebSite","@id":"https:\/\/prismo.bzh\/#website","url":"https:\/\/prismo.bzh\/","name":"PRISMO","description":"L&#039;immobilier sous un autre angle","publisher":{"@id":"https:\/\/prismo.bzh\/#organization"},"potentialAction":[{"@type":"SearchAction","target":{"@type":"EntryPoint","urlTemplate":"https:\/\/prismo.bzh\/?s={search_term_string}"},"query-input":"required name=search_term_string"}],"inLanguage":"en-US"},{"@type":"WebPage","@id":"https:\/\/prismo.bzh\/index.php\/contact\/#webpage","url":"https:\/\/prismo.bzh\/index.php\/contact\/","name":"Contact - PRISMO","isPartOf":{"@id":"https:\/\/prismo.bzh\/#website"},"datePublished":"2020-11-30T14:59:13+00:00","dateModified":"2022-05-17T10:00:06+00:00","breadcrumb":{"@id":"https:\/\/prismo.bzh\/index.php\/contact\/#breadcrumb"},"inLanguage":"en-US","potentialAction":[{"@type":"ReadAction","target":["https:\/\/prismo.bzh\/index.php\/contact\/"]}]},{"@type":"BreadcrumbList","@id":"https:\/\/prismo.bzh\/index.php\/contact\/#breadcrumb","itemListElement":[{"@type":"ListItem","position":1,"name":"Accueil","item":"https:\/\/prismo.bzh\/"},{"@type":"ListItem","position":2,"name":"Contact"}]}]}},"_links":{"self":[{"href":"https:\/\/prismo.bzh\/index.php\/wp-json\/wp\/v2\/pages\/216"}],"collection":[{"href":"https:\/\/prismo.bzh\/index.php\/wp-json\/wp\/v2\/pages"}],"about":[{"href":"https:\/\/prismo.bzh\/index.php\/wp-json\/wp\/v2\/types\/page"}],"author":[{"embeddable":true,"href":"https:\/\/prismo.bzh\/index.php\/wp-json\/wp\/v2\/users\/1"}],"replies":[{"embeddable":true,"href":"https:\/\/prismo.bzh\/index.php\/wp-json\/wp\/v2\/comments?post=216"}],"version-history":[{"count":27,"href":"https:\/\/prismo.bzh\/index.php\/wp-json\/wp\/v2\/pages\/216\/revisions"}],"predecessor-version":[{"id":1059,"href":"https:\/\/prismo.bzh\/index.php\/wp-json\/wp\/v2\/pages\/216\/revisions\/1059"}],"wp:attachment":[{"href":"https:\/\/prismo.bzh\/index.php\/wp-json\/wp\/v2\/media?parent=216"}],"curies":[{"name":"wp","href":"https:\/\/api.w.org\/{rel}","templated":true}]}}